{"id":303,"date":"2022-03-29T23:35:28","date_gmt":"2022-03-29T21:35:28","guid":{"rendered":"https:\/\/htbu-ev.de\/htvb\/?page_id=303"},"modified":"2022-03-30T00:13:15","modified_gmt":"2022-03-29T22:13:15","slug":"impressum","status":"publish","type":"page","link":"https:\/\/htbu-ev.de\/htvb\/impressum\/","title":{"rendered":"Impressum"},"content":{"rendered":"<h3>Hamburger Turngesellschaft<br \/>\nBarmbeck-Uhlenhorst e.V. von 1876<\/h3>\n<p>Klinikweg 10<br \/>\n22081 Hamburg<br \/>\nTel. (040) 299 50 78<br \/>\nFax (040) 209 72 151<br \/>\nMail htbusport@htbu-ev.de<\/p>\n<h3>Gesch\u00e4ftszeiten der HTBU<\/h3>\n<p>Montag\/Dienstag 10:00-13:00 Uhr.<br \/>\nDonnerstag 18:30-19:30 Uhr.<\/p>\n<h3>Verantwortlich f\u00fcr den Inhalt dieser Seiten<\/h3>\n<p>Hamburger Turngesellschaft Barmbeck-Uhlenhorst e.V. von 1876.<\/p>\n<h3>\nHaftungsausschluss<\/h3>\n<p>Die Hamburger Turngesellschaft Barmbeck-Uhlenhorst e.V. von 1876. distanziert sich von den Inhalten aller verlinkten Seiten auf dieser Homepage und macht sich deren Inhalte nicht zu Eigen. Diese Erkl\u00e4rung gilt f\u00fcr alle auf der Homepage angezeigten Links und f\u00fcr alle Inhalte dieser verlinkten Seiten.<\/p>\n<p>Alle Dokumente und Dateien, die Sie im Internetangebot der Hamburger Turngesellschaft Barmbeck-Uhlenhorst e. V. finden, wurden mit gr\u00f6\u00dftm\u00f6glicher Sorgfalt erstellt. Wir bitten um Ihr Verst\u00e4ndnis, dass wir dennoch f\u00fcr die Richtigkeit und Vollst\u00e4ndigkeit der in dem Angebot hinterlegten Informationen keine Gew\u00e4hr \u00fcbernehmen k\u00f6nnen.<\/p>\n<p>Wir schlie\u00dfen die Haftung f\u00fcr Sch\u00e4den aus, die sich direkt oder indirekt aus der Verwendung der Website und der darin enthaltenen Informationen ergeben k\u00f6nnten; davon ausgenommen ist die Haftung f\u00fcr Vorsatz und grobe Fahrl\u00e4ssigkeit.<\/p>\n<p>Wir \u00fcbernehmen ferner keine Haftung f\u00fcr die Inhalte anderer Websites, die Sie \u00fcber Hyperlinks vom Angebot der Hamburger Turngesellschaft Barmbeck-Uhlenhorst e. V. aus besuchen k\u00f6nnen. Hierbei handelt es sich um fremde Angebote, auf deren inhaltliche Gestaltung wir keinen Einfluss haben.<\/p>\n<p>Sofern innerhalb des Internetangebotes die M\u00f6glichkeit zur Eingabe pers\u00f6nlicher oder gesch\u00e4ftlicher Daten (E-Mail-Adressen, Namen, Anschriften) besteht, so erfolgt die Preisgabe dieser Daten seitens des Nutzers ausdr\u00fccklich auf freiwilliger Basis.<\/p>\n<p>Das Copyright f\u00fcr ver\u00f6ffentlichte, von uns selbst erstellte Objekte bleibt allein bei der Hamburger Turngesellschaft Barmbeck-Uhlenhorst e. V.<\/p>\n<p>\u00a9 HTBU 2005<\/p>\n","protected":false},"excerpt":{"rendered":"<p>Hamburger Turngesellschaft Barmbeck-Uhlenhorst e.V. von 1876 Klinikweg 10 22081 Hamburg Tel. (040) 299 50 78 Fax (040) 209 72 151 Mail htbusport@htbu-ev.de Gesch\u00e4ftszeiten der HTBU Montag\/Dienstag 10:00-13:00 Uhr. Donnerstag 18:30-19:30 Uhr. Verantwortlich f\u00fcr den Inhalt dieser Seiten Hamburger Turngesellschaft Barmbeck-Uhlenhorst e.V. von 1876. Haftungsausschluss Die Hamburger Turngesellschaft Barmbeck-Uhlenhorst e.V. von 1876. distanziert sich von den [&hellip;]<\/p>\n","protected":false},"author":1,"featured_media":0,"parent":0,"menu_order":0,"comment_status":"closed","ping_status":"closed","template":"","meta":{"_et_pb_use_builder":"","_et_pb_old_content":"","_et_gb_content_width":"","footnotes":""},"class_list":["post-303","page","type-page","status-publish","hentry"],"_links":{"self":[{"href":"https:\/\/htbu-ev.de\/htvb\/wp-json\/wp\/v2\/pages\/303","targetHints":{"allow":["GET"]}}],"collection":[{"href":"https:\/\/htbu-ev.de\/htvb\/wp-json\/wp\/v2\/pages"}],"about":[{"href":"https:\/\/htbu-ev.de\/htvb\/wp-json\/wp\/v2\/types\/page"}],"author":[{"embeddable":true,"href":"https:\/\/htbu-ev.de\/htvb\/wp-json\/wp\/v2\/users\/1"}],"replies":[{"embeddable":true,"href":"https:\/\/htbu-ev.de\/htvb\/wp-json\/wp\/v2\/comments?post=303"}],"version-history":[{"count":0,"href":"https:\/\/htbu-ev.de\/htvb\/wp-json\/wp\/v2\/pages\/303\/revisions"}],"wp:attachment":[{"href":"https:\/\/htbu-ev.de\/htvb\/wp-json\/wp\/v2\/media?parent=303"}],"curies":[{"name":"wp","href":"https:\/\/api.w.org\/{rel}","templated":true}]}}