{"id":280,"date":"2022-03-29T23:10:14","date_gmt":"2022-03-29T21:10:14","guid":{"rendered":"https:\/\/htbu-ev.de\/htvb\/?page_id=280"},"modified":"2024-01-22T12:51:28","modified_gmt":"2024-01-22T11:51:28","slug":"kontakt","status":"publish","type":"page","link":"https:\/\/htbu-ev.de\/htvb\/kontakt\/","title":{"rendered":"Kontakt"},"content":{"rendered":"<p>[et_pb_section fb_built=&#8220;1&#8243; inner_shadow=&#8220;on&#8220; admin_label=&#8220;section&#8220; _builder_version=&#8220;4.16&#8243; background_color=&#8220;rgba(255,255,255,0)&#8220; transparent_background=&#8220;on&#8220; global_colors_info=&#8220;{}&#8220;][et_pb_row admin_label=&#8220;row&#8220; _builder_version=&#8220;4.16&#8243; background_size=&#8220;initial&#8220; background_position=&#8220;top_left&#8220; background_repeat=&#8220;repeat&#8220; global_colors_info=&#8220;{}&#8220;][et_pb_column type=&#8220;4_4&#8243; _builder_version=&#8220;4.16&#8243; custom_padding=&#8220;|||&#8220; global_colors_info=&#8220;{}&#8220; custom_padding__hover=&#8220;|||&#8220;][et_pb_code admin_label=&#8220;Code&#8220; _builder_version=&#8220;4.20.2&#8243; _module_preset=&#8220;default&#8220; global_colors_info=&#8220;{}&#8220;]<iframe width=\"100%\" height=\"500\" frameborder=\"0\" scrolling=\"no\" marginheight=\"0\" marginwidth=\"0\" src=\"https:\/\/www.openstreetmap.org\/export\/embed.html?bbox=10.033532381057741%2C53.56995670009474%2C10.040881633758547%2C53.573702812209376&#038;layer=mapnik&#038;marker=53.57182979763592%2C10.037207007408142\" style=\"border: 1px solid black\"><\/iframe><!\u2013- [et_pb_br_holder] -\u2013><small><a href=\"https:\/\/www.openstreetmap.org\/?mlat=53.57183&#038;mlon=10.03721#map=17\/53.57183\/10.03721\">Gr\u00f6\u00dfere Karte anzeigen<\/a><\/small>[\/et_pb_code][\/et_pb_column][\/et_pb_row][et_pb_row column_structure=&#8220;1_2,1_2&#8243; admin_label=&#8220;row&#8220; _builder_version=&#8220;4.16&#8243; background_size=&#8220;initial&#8220; background_position=&#8220;top_left&#8220; background_repeat=&#8220;repeat&#8220; global_colors_info=&#8220;{}&#8220;][et_pb_column type=&#8220;1_2&#8243; _builder_version=&#8220;4.16&#8243; custom_padding=&#8220;|||&#8220; global_colors_info=&#8220;{}&#8220; custom_padding__hover=&#8220;|||&#8220;][et_pb_text admin_label=&#8220;Text&#8220; _builder_version=&#8220;4.21.0&#8243; background_size=&#8220;initial&#8220; background_position=&#8220;top_left&#8220; background_repeat=&#8220;repeat&#8220; width=&#8220;100%&#8220; global_colors_info=&#8220;{}&#8220;]<\/p>\n<p>Wir freuen uns auf\u00a0 jede Nachfrage. Habt aber bitte Verst\u00e4ndnis, wenn die Antwort nicht sofort zur\u00fcck kommt.<\/p>\n<p>Wir versuchen m\u00f6glichst z\u00fcgig alle Anfragen zu beantworten.<\/p>\n<p>Bitte gebe auch Deine Telefonnummer f\u00fcr evtl. R\u00fcckfragen an.<\/p>\n<p>[\/et_pb_text][\/et_pb_column][et_pb_column type=&#8220;1_2&#8243; _builder_version=&#8220;4.16&#8243; custom_padding=&#8220;|||&#8220; global_colors_info=&#8220;{}&#8220; custom_padding__hover=&#8220;|||&#8220;][et_pb_image src=&#8220;https:\/\/mlnesiq3z9tx.i.optimole.com\/w:auto\/h:auto\/q:mauto\/f:best\/https:\/\/htbu-ev.de\/htvb\/wp-content\/uploads\/2023\/04\/Skyline.png&#8220; title_text=&#8220;Skyline&#8220; _builder_version=&#8220;4.17.3&#8243; _module_preset=&#8220;default&#8220; max_width=&#8220;100%&#8220; global_colors_info=&#8220;{}&#8220;][\/et_pb_image][\/et_pb_column][\/et_pb_row][et_pb_row admin_label=&#8220;row&#8220; _builder_version=&#8220;4.16&#8243; background_size=&#8220;initial&#8220; background_position=&#8220;top_left&#8220; background_repeat=&#8220;repeat&#8220; global_colors_info=&#8220;{}&#8220;][et_pb_column type=&#8220;4_4&#8243; _builder_version=&#8220;4.16&#8243; custom_padding=&#8220;|||&#8220; global_colors_info=&#8220;{}&#8220; custom_padding__hover=&#8220;|||&#8220;][et_pb_contact_form email=&#8220;htbusport@htbu-ev.de&#8220; custom_message=&#8220;Name: %%name%%||et_pb_line_break_holder||E-Mail-Adresse: %%email%%||et_pb_line_break_holder||&#8212;&#8212;&#8212;&#8212;&#8212;&#8212;&#8212;&#8212;&#8212;&#8212;&#8212;&#8212;&#8212;-||et_pb_line_break_holder||Mein Thema:||et_pb_line_break_holder||%%subject%%||et_pb_line_break_holder||||et_pb_line_break_holder||Meine Nachricht||et_pb_line_break_holder||%%message%%||et_pb_line_break_holder||||et_pb_line_break_holder||&#8212;&#8211;||et_pb_line_break_holder||Datenschutz||et_pb_line_break_holder||%%dsgvo%%&#8220; success_message=&#8220;Vielen Dank f\u00fcr Deine Anfrage! Wir antworten bald.&#8220; admin_label=&#8220;Kontaktformular&#8220; _builder_version=&#8220;4.21.0&#8243; _unique_id=&#8220;64891801-856f-4f6f-83ad-855ea46cd583&#8243; form_field_background_color=&#8220;#e2e2e2&#8243; form_field_text_color=&#8220;#777777&#8243; form_field_focus_text_color=&#8220;#333333&#8243; title_text_color=&#8220;#000000&#8243; form_field_font_size=&#8220;16px&#8220; custom_button=&#8220;on&#8220; button_text_color=&#8220;#ffffff&#8220; button_bg_color=&#8220;rgba(0,76,153,0.73)&#8220; button_border_radius=&#8220;9px&#8220; button_icon=&#8220;&#x49;||divi||400&#8243; hover_enabled=&#8220;0&#8243; use_border_color=&#8220;off&#8220; border_color=&#8220;#ffffff&#8220; border_style=&#8220;solid&#8220; form_background_color=&#8220;#e2e2e2&#8243; global_colors_info=&#8220;{}&#8220; sticky_enabled=&#8220;0&#8243;][et_pb_contact_field field_id=&#8220;name&#8220; field_title=&#8220;Dein Name&#8220; min_length=&#8220;5&#8243; max_length=&#8220;51&#8243; allowed_symbols=&#8220;letters&#8220; _builder_version=&#8220;4.21.0&#8243; border_radii=&#8220;on|7px|7px|7px|7px&#8220; global_colors_info=&#8220;{}&#8220; button_text_size__hover_enabled=&#8220;off&#8220; button_one_text_size__hover_enabled=&#8220;off&#8220; button_two_text_size__hover_enabled=&#8220;off&#8220; button_text_color__hover_enabled=&#8220;off&#8220; button_one_text_color__hover_enabled=&#8220;off&#8220; button_two_text_color__hover_enabled=&#8220;off&#8220; button_border_width__hover_enabled=&#8220;off&#8220; button_one_border_width__hover_enabled=&#8220;off&#8220; button_two_border_width__hover_enabled=&#8220;off&#8220; button_border_color__hover_enabled=&#8220;off&#8220; button_one_border_color__hover_enabled=&#8220;off&#8220; button_two_border_color__hover_enabled=&#8220;off&#8220; button_border_radius__hover_enabled=&#8220;off&#8220; button_one_border_radius__hover_enabled=&#8220;off&#8220; button_two_border_radius__hover_enabled=&#8220;off&#8220; button_letter_spacing__hover_enabled=&#8220;off&#8220; button_one_letter_spacing__hover_enabled=&#8220;off&#8220; button_two_letter_spacing__hover_enabled=&#8220;off&#8220; button_bg_color__hover_enabled=&#8220;off&#8220; button_one_bg_color__hover_enabled=&#8220;off&#8220; button_two_bg_color__hover_enabled=&#8220;off&#8220;][\/et_pb_contact_field][et_pb_contact_field field_id=&#8220;email&#8220; field_title=&#8220;E-Mail-Adresse&#8220; field_type=&#8220;email&#8220; _builder_version=&#8220;4.21.0&#8243; hover_enabled=&#8220;0&#8243; border_radii=&#8220;on|7px|7px|7px|7px&#8220; global_colors_info=&#8220;{}&#8220; button_text_size__hover_enabled=&#8220;off&#8220; button_one_text_size__hover_enabled=&#8220;off&#8220; button_two_text_size__hover_enabled=&#8220;off&#8220; button_text_color__hover_enabled=&#8220;off&#8220; button_one_text_color__hover_enabled=&#8220;off&#8220; button_two_text_color__hover_enabled=&#8220;off&#8220; button_border_width__hover_enabled=&#8220;off&#8220; button_one_border_width__hover_enabled=&#8220;off&#8220; button_two_border_width__hover_enabled=&#8220;off&#8220; button_border_color__hover_enabled=&#8220;off&#8220; button_one_border_color__hover_enabled=&#8220;off&#8220; button_two_border_color__hover_enabled=&#8220;off&#8220; button_border_radius__hover_enabled=&#8220;off&#8220; button_one_border_radius__hover_enabled=&#8220;off&#8220; button_two_border_radius__hover_enabled=&#8220;off&#8220; button_letter_spacing__hover_enabled=&#8220;off&#8220; button_one_letter_spacing__hover_enabled=&#8220;off&#8220; button_two_letter_spacing__hover_enabled=&#8220;off&#8220; button_bg_color__hover_enabled=&#8220;off&#8220; button_one_bg_color__hover_enabled=&#8220;off&#8220; button_two_bg_color__hover_enabled=&#8220;off&#8220; sticky_enabled=&#8220;0&#8243;][\/et_pb_contact_field][et_pb_contact_field field_id=&#8220;subject&#8220; field_title=&#8220;Mein Thema&#8220; min_length=&#8220;5&#8243; max_length=&#8220;70&#8243; allowed_symbols=&#8220;letters&#8220; required_mark=&#8220;off&#8220; fullwidth_field=&#8220;on&#8220; _builder_version=&#8220;4.21.0&#8243; _module_preset=&#8220;default&#8220; border_radii=&#8220;on|7px|7px|7px|7px&#8220; global_colors_info=&#8220;{}&#8220;][\/et_pb_contact_field][et_pb_contact_field field_id=&#8220;message&#8220; field_title=&#8220;Schreib uns!&#8220; field_type=&#8220;text&#8220; fullwidth_field=&#8220;on&#8220; _builder_version=&#8220;4.21.0&#8243; height=&#8220;400px&#8220; border_radii=&#8220;on|7px|7px|7px|7px&#8220; global_colors_info=&#8220;{}&#8220; button_text_size__hover_enabled=&#8220;off&#8220; button_one_text_size__hover_enabled=&#8220;off&#8220; button_two_text_size__hover_enabled=&#8220;off&#8220; button_text_color__hover_enabled=&#8220;off&#8220; button_one_text_color__hover_enabled=&#8220;off&#8220; button_two_text_color__hover_enabled=&#8220;off&#8220; button_border_width__hover_enabled=&#8220;off&#8220; button_one_border_width__hover_enabled=&#8220;off&#8220; button_two_border_width__hover_enabled=&#8220;off&#8220; button_border_color__hover_enabled=&#8220;off&#8220; button_one_border_color__hover_enabled=&#8220;off&#8220; button_two_border_color__hover_enabled=&#8220;off&#8220; button_border_radius__hover_enabled=&#8220;off&#8220; button_one_border_radius__hover_enabled=&#8220;off&#8220; button_two_border_radius__hover_enabled=&#8220;off&#8220; button_letter_spacing__hover_enabled=&#8220;off&#8220; button_one_letter_spacing__hover_enabled=&#8220;off&#8220; button_two_letter_spacing__hover_enabled=&#8220;off&#8220; button_bg_color__hover_enabled=&#8220;off&#8220; button_one_bg_color__hover_enabled=&#8220;off&#8220; button_two_bg_color__hover_enabled=&#8220;off&#8220;][\/et_pb_contact_field][et_pb_contact_field field_id=&#8220;dsgvo&#8220; field_title=&#8220;Datenschutz&#8220; field_type=&#8220;checkbox&#8220; checkbox_options=&#8220;%91{%22value%22:%22Ich habe die Datenschutzerkl\u00e4rung zur Kenntnis genommen. Ich stimme zu, dass meine Angaben und Daten zur Beantwortung meiner Anfrage elektronisch erhoben und gespeichert werden. Hinweis: Du kannst deine Einwilligung jederzeit f\u00fcr die Zukunft per E-Mail an htbusport@htbu-ev.de widerrufen.%22,%22checked%22:0,%22dragID%22:-1}%93&#8243; fullwidth_field=&#8220;on&#8220; _builder_version=&#8220;4.21.0&#8243; _module_preset=&#8220;default&#8220; global_colors_info=&#8220;{}&#8220;][\/et_pb_contact_field][\/et_pb_contact_form][\/et_pb_column][\/et_pb_row][\/et_pb_section][et_pb_section fb_built=&#8220;1&#8243; custom_padding_last_edited=&#8220;on|desktop&#8220; admin_label=&#8220;section&#8220; module_id=&#8220;start&#8220; _builder_version=&#8220;4.16&#8243; background_color=&#8220;rgba(255,255,255,0)&#8220; custom_padding=&#8220;|||&#8220; custom_padding_tablet=&#8220;50px|0|50px|0&#8243; custom_padding_phone=&#8220;&#8220; transparent_background=&#8220;on&#8220; padding_mobile=&#8220;off&#8220; make_fullwidth=&#8220;off&#8220; use_custom_width=&#8220;off&#8220; width_unit=&#8220;on&#8220; global_colors_info=&#8220;{}&#8220;][\/et_pb_section]<\/p>\n","protected":false},"excerpt":{"rendered":"<p>Wir freuen uns auf\u00a0 jede Nachfrage. Habt aber bitte Verst\u00e4ndnis, wenn die Antwort nicht sofort zur\u00fcck kommt. Wir versuchen m\u00f6glichst z\u00fcgig alle Anfragen zu beantworten. Bitte gebe auch Deine Telefonnummer f\u00fcr evtl. R\u00fcckfragen an.<\/p>\n","protected":false},"author":1,"featured_media":0,"parent":0,"menu_order":0,"comment_status":"closed","ping_status":"closed","template":"","meta":{"_et_pb_use_builder":"on","_et_pb_old_content":"","_et_gb_content_width":"","footnotes":""},"class_list":["post-280","page","type-page","status-publish","hentry"],"_links":{"self":[{"href":"https:\/\/htbu-ev.de\/htvb\/wp-json\/wp\/v2\/pages\/280","targetHints":{"allow":["GET"]}}],"collection":[{"href":"https:\/\/htbu-ev.de\/htvb\/wp-json\/wp\/v2\/pages"}],"about":[{"href":"https:\/\/htbu-ev.de\/htvb\/wp-json\/wp\/v2\/types\/page"}],"author":[{"embeddable":true,"href":"https:\/\/htbu-ev.de\/htvb\/wp-json\/wp\/v2\/users\/1"}],"replies":[{"embeddable":true,"href":"https:\/\/htbu-ev.de\/htvb\/wp-json\/wp\/v2\/comments?post=280"}],"version-history":[{"count":0,"href":"https:\/\/htbu-ev.de\/htvb\/wp-json\/wp\/v2\/pages\/280\/revisions"}],"wp:attachment":[{"href":"https:\/\/htbu-ev.de\/htvb\/wp-json\/wp\/v2\/media?parent=280"}],"curies":[{"name":"wp","href":"https:\/\/api.w.org\/{rel}","templated":true}]}}