{"id":2600,"date":"2023-06-11T13:28:40","date_gmt":"2023-06-11T11:28:40","guid":{"rendered":"https:\/\/htbu-ev.de\/htvb\/?page_id=2600"},"modified":"2025-06-23T16:15:12","modified_gmt":"2025-06-23T14:15:12","slug":"herren-2","status":"publish","type":"page","link":"https:\/\/htbu-ev.de\/htvb\/herren-2\/","title":{"rendered":"Herren 2"},"content":{"rendered":"<p>[et_pb_section fb_built=&#8220;1&#8243; _builder_version=&#8220;4.27.0&#8243; _module_preset=&#8220;default&#8220; global_colors_info=&#8220;{}&#8220;][et_pb_row _builder_version=&#8220;4.27.0&#8243; _module_preset=&#8220;default&#8220; global_colors_info=&#8220;{}&#8220;][et_pb_column type=&#8220;4_4&#8243; _builder_version=&#8220;4.17.3&#8243; _module_preset=&#8220;default&#8220; global_colors_info=&#8220;{}&#8220;][et_pb_text admin_label=&#8220;Text&#8220; _builder_version=&#8220;4.27.0&#8243; _module_preset=&#8220;default&#8220; text_text_color=&#8220;#FFFFFF&#8220; text_font_size=&#8220;25px&#8220; text_letter_spacing=&#8220;3px&#8220; background_color=&#8220;#004c99&#8243; global_colors_info=&#8220;{}&#8220;]<\/p>\n<p>2. HERREN \u00a0\u2013 Bezirksklasse Staffel 2<\/p>\n<p>[\/et_pb_text][\/et_pb_column][\/et_pb_row][et_pb_row column_structure=&#8220;1_2,1_2&#8243; _builder_version=&#8220;4.27.0&#8243; _module_preset=&#8220;default&#8220; width=&#8220;69%&#8220; global_colors_info=&#8220;{}&#8220;][et_pb_column type=&#8220;1_2&#8243; _builder_version=&#8220;4.17.3&#8243; _module_preset=&#8220;default&#8220; global_colors_info=&#8220;{}&#8220;][et_pb_image src=&#8220;https:\/\/mlnesiq3z9tx.i.optimole.com\/w:auto\/h:auto\/q:mauto\/f:best\/https:\/\/htbu-ev.de\/htvb\/wp-content\/uploads\/2023\/04\/Platzhalter.jpg&#8220; title_text=&#8220;Platzhalter&#8220; _builder_version=&#8220;4.27.0&#8243; _module_preset=&#8220;default&#8220; global_colors_info=&#8220;{}&#8220;][\/et_pb_image][\/et_pb_column][et_pb_column type=&#8220;1_2&#8243; _builder_version=&#8220;4.17.3&#8243; _module_preset=&#8220;default&#8220; global_colors_info=&#8220;{}&#8220;][et_pb_text _builder_version=&#8220;4.27.0&#8243; _module_preset=&#8220;default&#8220; global_colors_info=&#8220;{}&#8220;]<\/p>\n<h4>Ansprechpartner + Trainer :<\/h4>\n<ul>\n<li>Sportb\u00fcro (htbusport(at)htbu-ev.de)<\/li>\n<li>Matthias 040 37 41 51 62<\/li>\n<\/ul>\n<p>&nbsp;<\/p>\n<h4>Hallenzeiten :<\/h4>\n<ul>\n<li>Richardstr. \/ Uferstr.\n<ul>\n<li>Di. 20.00 \u2013 22.00 Uhr<\/li>\n<\/ul>\n<\/li>\n<li>Richardstr. \/ Uferstr. aktuell Beach im Stadtpark\n<ul>\n<li>Do. 18.30 \u2013 20.00 Uhr<\/li>\n<\/ul>\n<\/li>\n<\/ul>\n<p>[\/et_pb_text][\/et_pb_column][\/et_pb_row][et_pb_row column_structure=&#8220;1_2,1_2&#8243; admin_label=&#8220;Zeile&#8220; _builder_version=&#8220;4.27.0&#8243; _module_preset=&#8220;default&#8220; collapsed=&#8220;off&#8220; global_colors_info=&#8220;{}&#8220;][et_pb_column type=&#8220;1_2&#8243; _builder_version=&#8220;4.20.2&#8243; _module_preset=&#8220;default&#8220; global_colors_info=&#8220;{}&#8220;][et_pb_text admin_label=&#8220;Text&#8220; _builder_version=&#8220;4.27.0&#8243; _module_preset=&#8220;default&#8220; global_colors_info=&#8220;{}&#8220;]<\/p>\n<p>Du interessierst dich f\u00fcr eines der beliebtesten, weil coolsten, Ballr\u00fcckschlagspiele der Welt und hast bereits \u00fcber den Schulsport hinaus Erfahrung im Volleyball gesammelt? Hobby-Mixed ist dir nicht mehr genug? Dann k\u00f6nntest du bei uns genau richtig sein:<\/p>\n<p>Unser ca. 9-k\u00f6pfiger Kernkader ist ein motiviertes Team, welches mit Leidenschaft und Teamgeist aktuell den Aufstieg in die <strong>Bezirksliga<\/strong> erreicht hat. Unsere Ambitionen sind hoch evtl. noch weiterzugehen.<\/p>\n<p>Die Mannschaft setzt sich aus einer guten Mischung aus j\u00fcngeren und erfahreneren Spielern zusammen. Das Durchschnittsalter ist ca. 24 Jahre. Wir arbeiten gemeinsam daran, unsere F\u00e4higkeiten weiter auszubauen und mit der erforderlichen Prise Spa\u00df uns stetig zu verbessern.<\/p>\n<p>Regelm\u00e4\u00dfiges Training mit ernstem Engagement als Grundlage, um das sportliche Ziel zu erreichen, steht dabei im Vordergrund. Auch das harmonische Miteinander im Team und der freundliche Austausch im Training sind Teil unseres Spirits, wie er bei erfolgreichen Mannschaften dazu geh\u00f6ren sollte.<\/p>\n<p><strong>Im Moment suchen wir nach Verst\u00e4rkung f\u00fcr die n\u00e4chste Saison!<\/strong><\/p>\n<p>Wenn du also f\u00fcr das Spiel brennst, schon min. advanced level bist und Lust auf den beliebtesten Mannschaftssport hast, dann melde dich f\u00fcr ein Probetraining beim Trainer oder hier auf der HTBU-Webseite \u00fcber das Kontaktformular.<\/p>\n<p>Wir freuen uns auf neue Gesichter, freundliche Charakter und ehrgeizige Spieler, die mit uns zusammen wachsen und das Beste aus sich herausholen wollen.<\/p>\n<p>&nbsp;<\/p>\n<p>&nbsp;<\/p>\n<p>[\/et_pb_text][\/et_pb_column][et_pb_column type=&#8220;1_2&#8243; _builder_version=&#8220;4.20.2&#8243; _module_preset=&#8220;default&#8220; global_colors_info=&#8220;{}&#8220;][\/et_pb_column][\/et_pb_row][\/et_pb_section]<\/p>\n","protected":false},"excerpt":{"rendered":"<p>2. HERREN \u00a0\u2013 Bezirksklasse Staffel 2Ansprechpartner + Trainer : Sportb\u00fcro (htbusport(at)htbu-ev.de) Matthias 040 37 41 51 62 &nbsp; Hallenzeiten : Richardstr. \/ Uferstr. Di. 20.00 \u2013 22.00 Uhr Richardstr. \/ Uferstr. aktuell Beach im Stadtpark Do. 18.30 \u2013 20.00 Uhr Du interessierst dich f\u00fcr eines der beliebtesten, weil coolsten, Ballr\u00fcckschlagspiele der Welt und hast bereits [&hellip;]<\/p>\n","protected":false},"author":2,"featured_media":0,"parent":0,"menu_order":0,"comment_status":"closed","ping_status":"closed","template":"","meta":{"_et_pb_use_builder":"on","_et_pb_old_content":"","_et_gb_content_width":"","footnotes":""},"class_list":["post-2600","page","type-page","status-publish","hentry"],"_links":{"self":[{"href":"https:\/\/htbu-ev.de\/htvb\/wp-json\/wp\/v2\/pages\/2600","targetHints":{"allow":["GET"]}}],"collection":[{"href":"https:\/\/htbu-ev.de\/htvb\/wp-json\/wp\/v2\/pages"}],"about":[{"href":"https:\/\/htbu-ev.de\/htvb\/wp-json\/wp\/v2\/types\/page"}],"author":[{"embeddable":true,"href":"https:\/\/htbu-ev.de\/htvb\/wp-json\/wp\/v2\/users\/2"}],"replies":[{"embeddable":true,"href":"https:\/\/htbu-ev.de\/htvb\/wp-json\/wp\/v2\/comments?post=2600"}],"version-history":[{"count":7,"href":"https:\/\/htbu-ev.de\/htvb\/wp-json\/wp\/v2\/pages\/2600\/revisions"}],"predecessor-version":[{"id":3291,"href":"https:\/\/htbu-ev.de\/htvb\/wp-json\/wp\/v2\/pages\/2600\/revisions\/3291"}],"wp:attachment":[{"href":"https:\/\/htbu-ev.de\/htvb\/wp-json\/wp\/v2\/media?parent=2600"}],"curies":[{"name":"wp","href":"https:\/\/api.w.org\/{rel}","templated":true}]}}