{"id":2586,"date":"2023-06-11T13:14:43","date_gmt":"2023-06-11T11:14:43","guid":{"rendered":"https:\/\/htbu-ev.de\/htvb\/?page_id=2586"},"modified":"2024-09-03T15:04:23","modified_gmt":"2024-09-03T13:04:23","slug":"damen-4","status":"publish","type":"page","link":"https:\/\/htbu-ev.de\/htvb\/damen-4\/","title":{"rendered":"Damen 4"},"content":{"rendered":"<p>[et_pb_section fb_built=&#8220;1&#8243; _builder_version=&#8220;4.17.3&#8243; _module_preset=&#8220;default&#8220; global_colors_info=&#8220;{}&#8220;][et_pb_row _builder_version=&#8220;4.17.3&#8243; _module_preset=&#8220;default&#8220; global_colors_info=&#8220;{}&#8220;][et_pb_column type=&#8220;4_4&#8243; _builder_version=&#8220;4.17.3&#8243; _module_preset=&#8220;default&#8220; global_colors_info=&#8220;{}&#8220;][et_pb_text _builder_version=&#8220;4.20.2&#8243; _module_preset=&#8220;default&#8220; text_text_color=&#8220;#FFFFFF&#8220; text_font_size=&#8220;25px&#8220; text_letter_spacing=&#8220;3px&#8220; background_color=&#8220;#004c99&#8243; global_colors_info=&#8220;{}&#8220;]<\/p>\n<p>DAMEN 4 &#8211; Kreisliga Staffel 2<\/p>\n<p>[\/et_pb_text][\/et_pb_column][\/et_pb_row][et_pb_row column_structure=&#8220;1_2,1_2&#8243; _builder_version=&#8220;4.17.3&#8243; _module_preset=&#8220;default&#8220; width=&#8220;69%&#8220; global_colors_info=&#8220;{}&#8220;][et_pb_column type=&#8220;1_2&#8243; _builder_version=&#8220;4.17.3&#8243; _module_preset=&#8220;default&#8220; global_colors_info=&#8220;{}&#8220;][et_pb_image src=&#8220;https:\/\/mlnesiq3z9tx.i.optimole.com\/w:auto\/h:auto\/q:mauto\/f:best\/https:\/\/htbu-ev.de\/htvb\/wp-content\/uploads\/2023\/06\/KL_2324-scaled.jpg&#8220; title_text=&#8220;KL_2324&#8243; _builder_version=&#8220;4.20.2&#8243; _module_preset=&#8220;default&#8220; global_colors_info=&#8220;{}&#8220;][\/et_pb_image][\/et_pb_column][et_pb_column type=&#8220;1_2&#8243; _builder_version=&#8220;4.17.3&#8243; _module_preset=&#8220;default&#8220; global_colors_info=&#8220;{}&#8220;][et_pb_text _builder_version=&#8220;4.24.3&#8243; _module_preset=&#8220;default&#8220; hover_enabled=&#8220;0&#8243; global_colors_info=&#8220;{}&#8220; sticky_enabled=&#8220;0&#8243;]<\/p>\n<h4>Ansprechpartner + Trainer :<\/h4>\n<ul>\n<li>Guido (volleyball(at)e-guido.de)<\/li>\n<li>Sportb\u00fcro (htbusport(at)htbu-ev.de)<\/li>\n<\/ul>\n<p>&nbsp;<\/p>\n<h4>Hallenzeiten :<\/h4>\n<ul>\n<li>Richardstr. \/ Uferstr.\n<ul>\n<li>Di. 18.30 \u2013 20.00 Uhr<\/li>\n<\/ul>\n<\/li>\n<li>Lerchenfeld\n<ul>\n<li>Do. 18.30 \u2013 20.00 Uhr<\/li>\n<\/ul>\n<\/li>\n<\/ul>\n<p>[\/et_pb_text][\/et_pb_column][\/et_pb_row][et_pb_row column_structure=&#8220;1_2,1_2&#8243; _builder_version=&#8220;4.20.2&#8243; _module_preset=&#8220;default&#8220; global_colors_info=&#8220;{}&#8220;][et_pb_column type=&#8220;1_2&#8243; _builder_version=&#8220;4.20.2&#8243; _module_preset=&#8220;default&#8220; global_colors_info=&#8220;{}&#8220;][et_pb_text _builder_version=&#8220;4.20.2&#8243; _module_preset=&#8220;default&#8220; global_colors_info=&#8220;{}&#8220;]<\/p>\n<p style=\"text-align: justify;\">In der kommenden Saison wollen wir auch den Sprung in die Damenwelt vornehmen. Die letzten beiden Jahre haben wir in der Jugendliga 2 gespielt. Die Steigerung in der letzten Saison auf den 3. Platz hat uns Mut gemacht. Wir wollen uns gut verkaufen und viel dazulernen.<\/p>\n<p style=\"text-align: justify;\">Unser Team setzt sich derzeit aus Spielerinnen der Jahrg\u00e4nge 2004 \u2013 2008 zusammen. Und wie nach jeder Saison hat es bei uns personelle Ver\u00e4nderungen gegeben. \u00dcber Unterst\u00fctzung durch erfahrene Mitspielerinnen w\u00fcrden wir uns freuen.<\/p>\n<p style=\"text-align: justify;\">Du h\u00e4ttest Lust uns zu unterst\u00fctzen und Du m\u00f6chtest Dein K\u00f6nnen und Deine F\u00e4higkeiten in der Kreisliga ausprobieren. Dann melde Dich bei Guido und komme zu einem Probetraining vorbei.<\/p>\n<p>[\/et_pb_text][\/et_pb_column][et_pb_column type=&#8220;1_2&#8243; _builder_version=&#8220;4.20.2&#8243; _module_preset=&#8220;default&#8220; global_colors_info=&#8220;{}&#8220;][et_pb_button button_url=&#8220;https:\/\/www.hvbv.de\/cms\/home\/spielbetrieb\/ligen\/kreisliga.xhtml?LeaguePresenter.view=resultTable&#038;LeaguePresenter.matchSeriesId=20954109#samsCmsComponent_2172370&#8243; url_new_window=&#8220;on&#8220; button_text=&#8220;Tabelle Damen 4   (HvBv)&#8220; _builder_version=&#8220;4.20.2&#8243; _module_preset=&#8220;default&#8220; custom_button=&#8220;on&#8220; button_text_size=&#8220;16px&#8220; button_text_color=&#8220;#FFFFFF&#8220; button_bg_color=&#8220;#004c99&#8243; button_border_radius=&#8220;45px&#8220; button_icon=&#8220;&#xf45f;||fa||900&#8243; global_colors_info=&#8220;{}&#8220;][\/et_pb_button][et_pb_button button_url=&#8220;https:\/\/www.hvbv.de\/cms\/home\/spielbetrieb\/ligen\/kreisliga.xhtml?LeaguePresenter.matchSeriesId=20954109&#038;LeaguePresenter.teamListView.view=scoreHistory&#038;LeaguePresenter.view=teamOverview&#038;LeaguePresenter.teamListView.teamId=21320666#samsCmsComponent_2172370&#8243; url_new_window=&#8220;on&#8220; button_text=&#8220;Tabellenverlauf (HvBv)&#8220; _builder_version=&#8220;4.20.2&#8243; _module_preset=&#8220;default&#8220; custom_button=&#8220;on&#8220; button_text_size=&#8220;16px&#8220; button_text_color=&#8220;#FFFFFF&#8220; button_bg_color=&#8220;#004c99&#8243; button_border_radius=&#8220;45px&#8220; button_icon=&#8220;&#xf45f;||fa||900&#8243; global_colors_info=&#8220;{}&#8220;][\/et_pb_button][et_pb_button button_url=&#8220;https:\/\/www.hvbv.de\/cms\/home\/spielbetrieb\/ligen\/kreisliga.xhtml?LeaguePresenter.matchSeriesId=20954109&#038;LeaguePresenter.teamListView.view=matches&#038;LeaguePresenter.view=teamOverview&#038;LeaguePresenter.teamListView.teamId=21320666#samsCmsComponent_2172370&#8243; url_new_window=&#8220;on&#8220; button_text=&#8220;Spiele Damen 4 (HvBv)&#8220; _builder_version=&#8220;4.20.2&#8243; _module_preset=&#8220;default&#8220; custom_button=&#8220;on&#8220; button_text_size=&#8220;16px&#8220; button_text_color=&#8220;#FFFFFF&#8220; button_bg_color=&#8220;#004c99&#8243; button_border_radius=&#8220;45px&#8220; button_icon=&#8220;&#xf45f;||fa||900&#8243; global_colors_info=&#8220;{}&#8220;][\/et_pb_button][et_pb_button button_url=&#8220;https:\/\/www.hvbv.de\/cms\/home\/spielbetrieb\/ligen\/kreisliga.xhtml?LeaguePresenter.matchSeriesId=20954109&#038;LeaguePresenter.view=matches&#038;playingScheduleMode=full#samsCmsComponent_2172370&#8243; url_new_window=&#8220;on&#8220; button_text=&#8220;Gesamtspielplan (HvBv)&#8220; _builder_version=&#8220;4.20.2&#8243; _module_preset=&#8220;default&#8220; custom_button=&#8220;on&#8220; button_text_size=&#8220;16px&#8220; button_text_color=&#8220;#FFFFFF&#8220; button_bg_color=&#8220;#004c99&#8243; button_border_radius=&#8220;45px&#8220; button_icon=&#8220;&#xf45f;||fa||900&#8243; global_colors_info=&#8220;{}&#8220;][\/et_pb_button][\/et_pb_column][\/et_pb_row][et_pb_row _builder_version=&#8220;4.20.2&#8243; _module_preset=&#8220;default&#8220; global_colors_info=&#8220;{}&#8220;][et_pb_column type=&#8220;4_4&#8243; _builder_version=&#8220;4.20.2&#8243; _module_preset=&#8220;default&#8220; global_colors_info=&#8220;{}&#8220;][et_pb_text _builder_version=&#8220;4.20.2&#8243; _module_preset=&#8220;default&#8220; text_text_color=&#8220;#FFFFFF&#8220; background_color=&#8220;#004c99&#8243; global_colors_info=&#8220;{}&#8220;]<\/p>\n<p>Das Team<\/p>\n<p>[\/et_pb_text][\/et_pb_column][\/et_pb_row][et_pb_row column_structure=&#8220;1_6,1_6,1_6,1_6,1_6,1_6&#8243; _builder_version=&#8220;4.20.2&#8243; _module_preset=&#8220;default&#8220; global_colors_info=&#8220;{}&#8220;][et_pb_column type=&#8220;1_6&#8243; _builder_version=&#8220;4.20.2&#8243; _module_preset=&#8220;default&#8220; global_colors_info=&#8220;{}&#8220;][et_pb_image src=&#8220;https:\/\/mlnesiq3z9tx.i.optimole.com\/w:auto\/h:auto\/q:mauto\/f:best\/https:\/\/htbu-ev.de\/htvb\/wp-content\/uploads\/2023\/06\/Guido.jpg&#8220; title_text=&#8220;Guido&#8220; align=&#8220;center&#8220; _builder_version=&#8220;4.20.2&#8243; _module_preset=&#8220;default&#8220; global_colors_info=&#8220;{}&#8220;][\/et_pb_image][et_pb_text _builder_version=&#8220;4.20.2&#8243; _module_preset=&#8220;default&#8220; global_colors_info=&#8220;{}&#8220;]<\/p>\n<div class=\"default-style tmm_job\" style=\"text-align: center;\"><strong>Guido Meyer<\/strong><\/div>\n<div class=\"default-style tmm_job\" style=\"text-align: center;\">Trainer<\/div>\n<p>[\/et_pb_text][et_pb_image src=&#8220;https:\/\/mlnesiq3z9tx.i.optimole.com\/w:auto\/h:auto\/q:mauto\/f:best\/https:\/\/htbu-ev.de\/htvb\/wp-content\/uploads\/2023\/06\/vbx.png&#8220; title_text=&#8220;vbx&#8220; align=&#8220;center&#8220; _builder_version=&#8220;4.21.0&#8243; _module_preset=&#8220;default&#8220; global_colors_info=&#8220;{}&#8220;][\/et_pb_image][et_pb_text _builder_version=&#8220;4.21.0&#8243; _module_preset=&#8220;default&#8220; global_colors_info=&#8220;{}&#8220;]<\/p>\n<div class=\"default-style tmm_job\" style=\"text-align: center;\"><strong>Erfahrung<\/strong><\/div>\n<div class=\"default-style tmm_job\" style=\"text-align: center;\"><strong>gesucht !<\/strong><\/div>\n<div class=\"default-style tmm_job\" style=\"text-align: center;\">Wir suchen noch Spielerinnen !!!<\/div>\n<p>[\/et_pb_text][\/et_pb_column][et_pb_column type=&#8220;1_6&#8243; _builder_version=&#8220;4.20.2&#8243; _module_preset=&#8220;default&#8220; global_colors_info=&#8220;{}&#8220;][et_pb_image src=&#8220;https:\/\/mlnesiq3z9tx.i.optimole.com\/w:auto\/h:auto\/q:mauto\/f:best\/https:\/\/htbu-ev.de\/htvb\/wp-content\/uploads\/2023\/06\/vb4.png&#8220; title_text=&#8220;vb4&#8243; _builder_version=&#8220;4.21.0&#8243; _module_preset=&#8220;default&#8220; global_colors_info=&#8220;{}&#8220;][\/et_pb_image][et_pb_text _builder_version=&#8220;4.21.0&#8243; _module_preset=&#8220;default&#8220; global_colors_info=&#8220;{}&#8220;]<\/p>\n<p style=\"text-align: center;\">Alisa<\/p>\n<p>[\/et_pb_text][et_pb_image src=&#8220;https:\/\/mlnesiq3z9tx.i.optimole.com\/w:auto\/h:auto\/q:mauto\/f:best\/https:\/\/htbu-ev.de\/htvb\/wp-content\/uploads\/2023\/06\/vb4.png&#8220; title_text=&#8220;vb4&#8243; _builder_version=&#8220;4.21.0&#8243; _module_preset=&#8220;default&#8220; global_colors_info=&#8220;{}&#8220;][\/et_pb_image][et_pb_text _builder_version=&#8220;4.21.0&#8243; _module_preset=&#8220;default&#8220; global_colors_info=&#8220;{}&#8220;]<\/p>\n<p style=\"text-align: center;\">Limah<\/p>\n<p>[\/et_pb_text][\/et_pb_column][et_pb_column type=&#8220;1_6&#8243; _builder_version=&#8220;4.20.2&#8243; _module_preset=&#8220;default&#8220; global_colors_info=&#8220;{}&#8220;][et_pb_image src=&#8220;https:\/\/mlnesiq3z9tx.i.optimole.com\/w:auto\/h:auto\/q:mauto\/f:best\/https:\/\/htbu-ev.de\/htvb\/wp-content\/uploads\/2023\/06\/vb4.png&#8220; title_text=&#8220;vb4&#8243; _builder_version=&#8220;4.21.0&#8243; _module_preset=&#8220;default&#8220; global_colors_info=&#8220;{}&#8220;][\/et_pb_image][et_pb_text _builder_version=&#8220;4.21.0&#8243; _module_preset=&#8220;default&#8220; global_colors_info=&#8220;{}&#8220;]<\/p>\n<p style=\"text-align: center;\">Duygu Elif<\/p>\n<p>[\/et_pb_text][et_pb_image src=&#8220;https:\/\/mlnesiq3z9tx.i.optimole.com\/w:auto\/h:auto\/q:mauto\/f:best\/https:\/\/htbu-ev.de\/htvb\/wp-content\/uploads\/2023\/06\/vb4.png&#8220; title_text=&#8220;vb4&#8243; _builder_version=&#8220;4.21.0&#8243; _module_preset=&#8220;default&#8220; global_colors_info=&#8220;{}&#8220;][\/et_pb_image][et_pb_text _builder_version=&#8220;4.21.0&#8243; _module_preset=&#8220;default&#8220; global_colors_info=&#8220;{}&#8220;]<\/p>\n<p style=\"text-align: center;\">Maja<\/p>\n<p>[\/et_pb_text][\/et_pb_column][et_pb_column type=&#8220;1_6&#8243; _builder_version=&#8220;4.20.2&#8243; _module_preset=&#8220;default&#8220; global_colors_info=&#8220;{}&#8220;][et_pb_image src=&#8220;https:\/\/mlnesiq3z9tx.i.optimole.com\/w:auto\/h:auto\/q:mauto\/f:best\/https:\/\/htbu-ev.de\/htvb\/wp-content\/uploads\/2023\/06\/vb4.png&#8220; title_text=&#8220;vb4&#8243; _builder_version=&#8220;4.21.0&#8243; _module_preset=&#8220;default&#8220; global_colors_info=&#8220;{}&#8220;][\/et_pb_image][et_pb_text _builder_version=&#8220;4.21.0&#8243; _module_preset=&#8220;default&#8220; global_colors_info=&#8220;{}&#8220;]<\/p>\n<p style=\"text-align: center;\">Heikedine<\/p>\n<p>[\/et_pb_text][et_pb_image src=&#8220;https:\/\/mlnesiq3z9tx.i.optimole.com\/w:auto\/h:auto\/q:mauto\/f:best\/https:\/\/htbu-ev.de\/htvb\/wp-content\/uploads\/2023\/06\/vb4.png&#8220; title_text=&#8220;vb4&#8243; _builder_version=&#8220;4.21.0&#8243; _module_preset=&#8220;default&#8220; custom_padding=&#8220;|4px||||&#8220; global_colors_info=&#8220;{}&#8220;][\/et_pb_image][et_pb_text _builder_version=&#8220;4.21.0&#8243; _module_preset=&#8220;default&#8220; global_colors_info=&#8220;{}&#8220;]<\/p>\n<p style=\"text-align: center;\">Melis<\/p>\n<p>[\/et_pb_text][\/et_pb_column][et_pb_column type=&#8220;1_6&#8243; _builder_version=&#8220;4.20.2&#8243; _module_preset=&#8220;default&#8220; global_colors_info=&#8220;{}&#8220;][et_pb_image src=&#8220;https:\/\/mlnesiq3z9tx.i.optimole.com\/w:auto\/h:auto\/q:mauto\/f:best\/https:\/\/htbu-ev.de\/htvb\/wp-content\/uploads\/2023\/06\/vb4.png&#8220; title_text=&#8220;vb4&#8243; _builder_version=&#8220;4.21.0&#8243; _module_preset=&#8220;default&#8220; global_colors_info=&#8220;{}&#8220;][\/et_pb_image][et_pb_text _builder_version=&#8220;4.21.0&#8243; _module_preset=&#8220;default&#8220; global_colors_info=&#8220;{}&#8220;]<\/p>\n<p style=\"text-align: center;\">Helen<\/p>\n<p>[\/et_pb_text][et_pb_image src=&#8220;https:\/\/mlnesiq3z9tx.i.optimole.com\/w:auto\/h:auto\/q:mauto\/f:best\/https:\/\/htbu-ev.de\/htvb\/wp-content\/uploads\/2023\/06\/vb4.png&#8220; title_text=&#8220;vb4&#8243; _builder_version=&#8220;4.21.0&#8243; _module_preset=&#8220;default&#8220; custom_margin=&#8220;||3px|||&#8220; global_colors_info=&#8220;{}&#8220;][\/et_pb_image][et_pb_text _builder_version=&#8220;4.21.0&#8243; _module_preset=&#8220;default&#8220; global_colors_info=&#8220;{}&#8220;]<\/p>\n<p style=\"text-align: center;\">\n<p style=\"text-align: center;\">Toyosi-Faboye<\/p>\n<p>[\/et_pb_text][\/et_pb_column][et_pb_column type=&#8220;1_6&#8243; _builder_version=&#8220;4.20.2&#8243; _module_preset=&#8220;default&#8220; global_colors_info=&#8220;{}&#8220;][et_pb_image src=&#8220;https:\/\/mlnesiq3z9tx.i.optimole.com\/w:auto\/h:auto\/q:mauto\/f:best\/https:\/\/htbu-ev.de\/htvb\/wp-content\/uploads\/2023\/06\/vb4.png&#8220; title_text=&#8220;vb4&#8243; _builder_version=&#8220;4.21.0&#8243; _module_preset=&#8220;default&#8220; global_colors_info=&#8220;{}&#8220;][\/et_pb_image][et_pb_text _builder_version=&#8220;4.21.0&#8243; _module_preset=&#8220;default&#8220; global_colors_info=&#8220;{}&#8220;]<\/p>\n<p style=\"text-align: center;\">Jasmina<\/p>\n<p>[\/et_pb_text][et_pb_image src=&#8220;https:\/\/mlnesiq3z9tx.i.optimole.com\/w:auto\/h:auto\/q:mauto\/f:best\/https:\/\/htbu-ev.de\/htvb\/wp-content\/uploads\/2023\/06\/vb4.png&#8220; title_text=&#8220;vb4&#8243; _builder_version=&#8220;4.21.0&#8243; _module_preset=&#8220;default&#8220; global_colors_info=&#8220;{}&#8220;][\/et_pb_image][et_pb_text _builder_version=&#8220;4.21.0&#8243; _module_preset=&#8220;default&#8220; global_colors_info=&#8220;{}&#8220;]<\/p>\n<p style=\"text-align: center;\">Zahra<\/p>\n<p>[\/et_pb_text][\/et_pb_column][\/et_pb_row][\/et_pb_section]<\/p>\n","protected":false},"excerpt":{"rendered":"<p>DAMEN 4 &#8211; Kreisliga Staffel 2Ansprechpartner + Trainer : Guido (volleyball(at)e-guido.de) Sportb\u00fcro (htbusport(at)htbu-ev.de) &nbsp; Hallenzeiten : Richardstr. \/ Uferstr. Di. 18.30 \u2013 20.00 Uhr Lerchenfeld Do. 18.30 \u2013 20.00 Uhr In der kommenden Saison wollen wir auch den Sprung in die Damenwelt vornehmen. Die letzten beiden Jahre haben wir in der Jugendliga 2 gespielt. Die [&hellip;]<\/p>\n","protected":false},"author":2,"featured_media":0,"parent":0,"menu_order":0,"comment_status":"closed","ping_status":"closed","template":"","meta":{"_et_pb_use_builder":"on","_et_pb_old_content":"","_et_gb_content_width":"","footnotes":""},"class_list":["post-2586","page","type-page","status-publish","hentry"],"_links":{"self":[{"href":"https:\/\/htbu-ev.de\/htvb\/wp-json\/wp\/v2\/pages\/2586","targetHints":{"allow":["GET"]}}],"collection":[{"href":"https:\/\/htbu-ev.de\/htvb\/wp-json\/wp\/v2\/pages"}],"about":[{"href":"https:\/\/htbu-ev.de\/htvb\/wp-json\/wp\/v2\/types\/page"}],"author":[{"embeddable":true,"href":"https:\/\/htbu-ev.de\/htvb\/wp-json\/wp\/v2\/users\/2"}],"replies":[{"embeddable":true,"href":"https:\/\/htbu-ev.de\/htvb\/wp-json\/wp\/v2\/comments?post=2586"}],"version-history":[{"count":1,"href":"https:\/\/htbu-ev.de\/htvb\/wp-json\/wp\/v2\/pages\/2586\/revisions"}],"predecessor-version":[{"id":3234,"href":"https:\/\/htbu-ev.de\/htvb\/wp-json\/wp\/v2\/pages\/2586\/revisions\/3234"}],"wp:attachment":[{"href":"https:\/\/htbu-ev.de\/htvb\/wp-json\/wp\/v2\/media?parent=2586"}],"curies":[{"name":"wp","href":"https:\/\/api.w.org\/{rel}","templated":true}]}}