{"id":1765,"date":"2023-04-16T18:09:20","date_gmt":"2023-04-16T16:09:20","guid":{"rendered":"https:\/\/htbu-ev.de\/htvb\/?page_id=1765"},"modified":"2026-04-29T17:19:09","modified_gmt":"2026-04-29T15:19:09","slug":"damenteams","status":"publish","type":"page","link":"https:\/\/htbu-ev.de\/htvb\/damenteams\/","title":{"rendered":"Damen1"},"content":{"rendered":"<p>[et_pb_section fb_built=&#8220;1&#8243; _builder_version=&#8220;4.17.3&#8243; _module_preset=&#8220;default&#8220; global_colors_info=&#8220;{}&#8220;][et_pb_row _builder_version=&#8220;4.17.3&#8243; _module_preset=&#8220;default&#8220; global_colors_info=&#8220;{}&#8220;][et_pb_column type=&#8220;4_4&#8243; _builder_version=&#8220;4.17.3&#8243; _module_preset=&#8220;default&#8220; global_colors_info=&#8220;{}&#8220;][et_pb_text _builder_version=&#8220;4.27.4&#8243; _module_preset=&#8220;default&#8220; text_text_color=&#8220;#FFFFFF&#8220; text_font_size=&#8220;25px&#8220; text_letter_spacing=&#8220;3px&#8220; background_color=&#8220;#004c99&#8243; global_colors_info=&#8220;{}&#8220;]<\/p>\n<p>1. DAMEN<\/p>\n<p>[\/et_pb_text][\/et_pb_column][\/et_pb_row][et_pb_row column_structure=&#8220;1_2,1_2&#8243; _builder_version=&#8220;4.21.0&#8243; _module_preset=&#8220;default&#8220; width=&#8220;69%&#8220; global_colors_info=&#8220;{}&#8220;][et_pb_column type=&#8220;1_2&#8243; _builder_version=&#8220;4.17.3&#8243; _module_preset=&#8220;default&#8220; global_colors_info=&#8220;{}&#8220;][et_pb_image src=&#8220;https:\/\/mlnesiq3z9tx.i.optimole.com\/w:auto\/h:auto\/q:mauto\/f:best\/https:\/\/htbu-ev.de\/htvb\/wp-content\/uploads\/2026\/04\/Damen1_25_26-oT.jpeg&#8220; title_text=&#8220;Damen1_25_26 oT&#8220; _builder_version=&#8220;4.27.4&#8243; _module_preset=&#8220;default&#8220; global_colors_info=&#8220;{}&#8220;][\/et_pb_image][\/et_pb_column][et_pb_column type=&#8220;1_2&#8243; _builder_version=&#8220;4.17.3&#8243; _module_preset=&#8220;default&#8220; global_colors_info=&#8220;{}&#8220;][et_pb_text _builder_version=&#8220;4.27.4&#8243; _module_preset=&#8220;default&#8220; global_colors_info=&#8220;{}&#8220;]<\/p>\n<h4>Ansprechpartner + Trainer :<\/h4>\n<ul>\n<li>Sportb\u00fcro (htbusport(at)htbu-ev.de)<\/li>\n<\/ul>\n<p>&nbsp;<\/p>\n<h4>Hallenzeiten :<\/h4>\n<ul>\n<li>Klinikweg\n<ul>\n<li>Mo. 20.00 \u2013 22.00 Uhr<\/li>\n<\/ul>\n<\/li>\n<li>Klinikweg\n<ul>\n<li>Mi. 20.00 &#8211; 22.00 Uhr<\/li>\n<\/ul>\n<\/li>\n<\/ul>\n<p>[\/et_pb_text][\/et_pb_column][\/et_pb_row][et_pb_row column_structure=&#8220;1_2,1_2&#8243; _builder_version=&#8220;4.20.2&#8243; _module_preset=&#8220;default&#8220; global_colors_info=&#8220;{}&#8220;][et_pb_column type=&#8220;1_2&#8243; _builder_version=&#8220;4.20.2&#8243; _module_preset=&#8220;default&#8220; global_colors_info=&#8220;{}&#8220;][et_pb_text _builder_version=&#8220;4.27.4&#8243; _module_preset=&#8220;default&#8220; global_colors_info=&#8220;{}&#8220;]<\/p>\n<h3>Update: Aufstieg in die Verbandsliga hat geklappt!<\/h3>\n<div class=\"default-style\" style=\"text-align: justify;\">Wir sind die 1. Damenmannschaft beim HTBU und eine motivierte Mannschaft, die sich als Ziel gesetzt hat in der n\u00e4chsten Saison wieder in die Verbandsliga aufzusteigen. Mit einigen erfahrenen Spielerinnen als auch mit jeder Menge Zuwachs an neuen Gesichtern freuen wir uns sehr noch einmal ganz neu durchzustarten!<\/div>\n<div class=\"default-style\" style=\"text-align: justify;\">Zuschauer sind an den Punktspielen \u00fcbrigens absolut willkommen, die uns ab Herbst dann gern tatkr\u00e4ftig in der Halle mit anfeuern d\u00fcrfen!<\/div>\n<div class=\"default-style\" style=\"text-align: justify;\">\u00a0<\/div>\n<div class=\"default-style\" style=\"text-align: justify;\">Buffet und Kaffee gibt es \u00fcbrigens auch immer an den Heimspieltagen. \ud83d\ude42<\/div>\n<p>[\/et_pb_text][\/et_pb_column][et_pb_column type=&#8220;1_2&#8243; _builder_version=&#8220;4.20.2&#8243; _module_preset=&#8220;default&#8220; global_colors_info=&#8220;{}&#8220;][et_pb_button url_new_window=&#8220;on&#8220; button_text=&#8220;Tabelle Damen 1 (HvBv)&#8220; _builder_version=&#8220;4.27.4&#8243; _module_preset=&#8220;default&#8220; custom_button=&#8220;on&#8220; button_text_size=&#8220;16px&#8220; button_text_color=&#8220;#FFFFFF&#8220; button_bg_color=&#8220;#004c99&#8243; button_border_radius=&#8220;45px&#8220; button_icon=&#8220;&#xf45f;||fa||900&#8243; global_colors_info=&#8220;{}&#8220;][\/et_pb_button][et_pb_button button_text=&#8220;Tabellenverlauf (HvBv)&#8220; _builder_version=&#8220;4.27.4&#8243; _module_preset=&#8220;default&#8220; custom_button=&#8220;on&#8220; button_text_size=&#8220;16px&#8220; button_text_color=&#8220;#FFFFFF&#8220; button_bg_color=&#8220;#004c99&#8243; button_border_radius=&#8220;45px&#8220; button_icon=&#8220;&#xf45f;||fa||900&#8243; global_colors_info=&#8220;{}&#8220;][\/et_pb_button][et_pb_button button_text=&#8220;Spiele Damen 1 (HvBv)&#8220; _builder_version=&#8220;4.27.4&#8243; _module_preset=&#8220;default&#8220; custom_button=&#8220;on&#8220; button_text_size=&#8220;16px&#8220; button_text_color=&#8220;#FFFFFF&#8220; button_bg_color=&#8220;#004c99&#8243; button_border_radius=&#8220;45px&#8220; button_icon=&#8220;&#xf45f;||fa||900&#8243; global_colors_info=&#8220;{}&#8220;][\/et_pb_button][et_pb_button button_text=&#8220;Gesamtspielplan (HvBv)&#8220; _builder_version=&#8220;4.27.4&#8243; _module_preset=&#8220;default&#8220; custom_button=&#8220;on&#8220; button_text_size=&#8220;16px&#8220; button_text_color=&#8220;#FFFFFF&#8220; button_bg_color=&#8220;#004c99&#8243; button_border_radius=&#8220;45px&#8220; button_icon=&#8220;&#xf45f;||fa||900&#8243; global_colors_info=&#8220;{}&#8220;][\/et_pb_button][\/et_pb_column][\/et_pb_row][et_pb_row _builder_version=&#8220;4.20.2&#8243; _module_preset=&#8220;default&#8220; module_alignment=&#8220;center&#8220; global_colors_info=&#8220;{}&#8220;][et_pb_column type=&#8220;4_4&#8243; _builder_version=&#8220;4.20.2&#8243; _module_preset=&#8220;default&#8220; global_colors_info=&#8220;{}&#8220;][et_pb_button button_url=&#8220;https:\/\/www.instagram.com\/htbu_1.damen_volleyball\/?hl=de&#8220; url_new_window=&#8220;on&#8220; button_text=&#8220;Hier findest Du uns auf Instagram, wo wir unsere Team-Updates posten  &#8220; _builder_version=&#8220;4.20.2&#8243; _module_preset=&#8220;default&#8220; custom_button=&#8220;on&#8220; button_text_size=&#8220;14px&#8220; button_text_color=&#8220;#004c99&#8243; button_border_radius=&#8220;45px&#8220; button_icon=&#8220;&#xe0cb;||divi||400&#8243; global_colors_info=&#8220;{}&#8220;][\/et_pb_button][\/et_pb_column][\/et_pb_row][et_pb_row _builder_version=&#8220;4.20.2&#8243; _module_preset=&#8220;default&#8220; global_colors_info=&#8220;{}&#8220;][et_pb_column type=&#8220;4_4&#8243; _builder_version=&#8220;4.20.2&#8243; _module_preset=&#8220;default&#8220; global_colors_info=&#8220;{}&#8220;][et_pb_text _builder_version=&#8220;4.27.4&#8243; _module_preset=&#8220;default&#8220; text_text_color=&#8220;#FFFFFF&#8220; background_color=&#8220;#004c99&#8243; global_colors_info=&#8220;{}&#8220;]<\/p>\n<p>Das Team<\/p>\n<p>[\/et_pb_text][\/et_pb_column][\/et_pb_row][et_pb_row column_structure=&#8220;1_5,1_5,1_5,1_5,1_5&#8243; disabled_on=&#8220;on|on|on&#8220; _builder_version=&#8220;4.27.4&#8243; _module_preset=&#8220;default&#8220; disabled=&#8220;on&#8220; collapsed=&#8220;off&#8220; global_colors_info=&#8220;{}&#8220;][et_pb_column type=&#8220;1_5&#8243; _builder_version=&#8220;4.20.2&#8243; _module_preset=&#8220;default&#8220; global_colors_info=&#8220;{}&#8220;][\/et_pb_column][et_pb_column type=&#8220;1_5&#8243; _builder_version=&#8220;4.20.2&#8243; _module_preset=&#8220;default&#8220; global_colors_info=&#8220;{}&#8220;][et_pb_image src=&#8220;https:\/\/mlnesiq3z9tx.i.optimole.com\/w:auto\/h:auto\/q:mauto\/f:best\/https:\/\/htbu-ev.de\/htvb\/wp-content\/uploads\/2023\/06\/vb4.png&#8220; title_text=&#8220;vb4&#8243; _builder_version=&#8220;4.27.4&#8243; _module_preset=&#8220;default&#8220; global_colors_info=&#8220;{}&#8220;][\/et_pb_image][et_pb_text _builder_version=&#8220;4.27.4&#8243; _module_preset=&#8220;default&#8220; text_font_size=&#8220;14px&#8220; global_colors_info=&#8220;{}&#8220;]<\/p>\n<div class=\"default-style tmm_job\" style=\"text-align: center;\"><strong>Svenya Banse<\/strong><\/div>\n<div class=\"default-style tmm_job\" style=\"text-align: center;\">Mittelblock<\/div>\n<p>[\/et_pb_text][et_pb_image src=&#8220;https:\/\/mlnesiq3z9tx.i.optimole.com\/w:auto\/h:auto\/q:mauto\/f:best\/https:\/\/htbu-ev.de\/htvb\/wp-content\/uploads\/2023\/06\/vb4.png&#8220; title_text=&#8220;vb4&#8243; _builder_version=&#8220;4.20.2&#8243; _module_preset=&#8220;default&#8220; global_colors_info=&#8220;{}&#8220;][\/et_pb_image][et_pb_text _builder_version=&#8220;4.20.2&#8243; _module_preset=&#8220;default&#8220; text_font_size=&#8220;14px&#8220; global_colors_info=&#8220;{}&#8220;]<\/p>\n<div class=\"default-style tmm_job\" style=\"text-align: center;\">\n<div class=\"default-style tmm_job\"><strong>Kathrin Graf<\/strong><\/div>\n<div class=\"default-style tmm_job\">Au\u00dfen\/Annahme<\/div>\n<\/div>\n<p>[\/et_pb_text][et_pb_image src=&#8220;https:\/\/mlnesiq3z9tx.i.optimole.com\/w:auto\/h:auto\/q:mauto\/f:best\/https:\/\/htbu-ev.de\/htvb\/wp-content\/uploads\/2023\/06\/SinaT_22.jpg&#8220; title_text=&#8220;SinaT_22&#8243; align=&#8220;center&#8220; _builder_version=&#8220;4.21.0&#8243; _module_preset=&#8220;default&#8220; global_colors_info=&#8220;{}&#8220;][\/et_pb_image][et_pb_text _builder_version=&#8220;4.21.0&#8243; _module_preset=&#8220;default&#8220; text_font_size=&#8220;14px&#8220; global_colors_info=&#8220;{}&#8220;]<\/p>\n<div class=\"default-style tmm_job\" style=\"text-align: center;\"><strong><span class=\"tmm_lname\"><span class=\"tmm_fname\">Sina<\/span>\u00a0Thoms<\/span><\/strong><\/div>\n<div class=\"default-style tmm_job\" style=\"text-align: center;\"><span class=\"tmm_lname\">Diagonal\/Mittelbl.<\/span><\/div>\n<p>[\/et_pb_text][et_pb_image src=&#8220;https:\/\/mlnesiq3z9tx.i.optimole.com\/w:auto\/h:auto\/q:mauto\/f:best\/https:\/\/htbu-ev.de\/htvb\/wp-content\/uploads\/2023\/06\/vb4.png&#8220; title_text=&#8220;vb4&#8243; _builder_version=&#8220;4.21.0&#8243; _module_preset=&#8220;default&#8220; global_colors_info=&#8220;{}&#8220;][\/et_pb_image][et_pb_text _builder_version=&#8220;4.21.0&#8243; _module_preset=&#8220;default&#8220; text_font_size=&#8220;14px&#8220; global_colors_info=&#8220;{}&#8220;]<\/p>\n<div class=\"default-style tmm_job\" style=\"text-align: center;\"><strong><span class=\"tmm_lname\"> Paula Sprotte <\/span><\/strong><\/div>\n<div class=\"default-style tmm_job\" style=\"text-align: center;\"><span class=\"tmm_lname\">Mittelblock <\/span><\/div>\n<p>[\/et_pb_text][\/et_pb_column][et_pb_column type=&#8220;1_5&#8243; _builder_version=&#8220;4.20.2&#8243; _module_preset=&#8220;default&#8220; global_colors_info=&#8220;{}&#8220;][et_pb_image src=&#8220;https:\/\/mlnesiq3z9tx.i.optimole.com\/w:auto\/h:auto\/q:mauto\/f:best\/https:\/\/htbu-ev.de\/htvb\/wp-content\/uploads\/2023\/06\/Rosalie_22.jpg&#8220; title_text=&#8220;Rosalie_22&#8243; align=&#8220;center&#8220; _builder_version=&#8220;4.20.2&#8243; _module_preset=&#8220;default&#8220; global_colors_info=&#8220;{}&#8220;][\/et_pb_image][et_pb_text _builder_version=&#8220;4.20.2&#8243; _module_preset=&#8220;default&#8220; text_font_size=&#8220;14px&#8220; global_colors_info=&#8220;{}&#8220;]<\/p>\n<div class=\"tmm_names\" style=\"text-align: center;\"><strong><span class=\"tmm_fname\">Rosalie<\/span>\u00a0<span class=\"tmm_lname\">Hahnke<\/span><\/strong><\/div>\n<div class=\"tmm_job\" style=\"text-align: center;\">Diagonal<\/div>\n<p>[\/et_pb_text][et_pb_image src=&#8220;https:\/\/mlnesiq3z9tx.i.optimole.com\/w:auto\/h:auto\/q:mauto\/f:best\/https:\/\/htbu-ev.de\/htvb\/wp-content\/uploads\/2023\/09\/Aranka_23.jpg&#8220; title_text=&#8220;Aranka_23&#8243; align=&#8220;center&#8220; _builder_version=&#8220;4.21.0&#8243; _module_preset=&#8220;default&#8220; global_colors_info=&#8220;{}&#8220;][\/et_pb_image][et_pb_text _builder_version=&#8220;4.21.0&#8243; _module_preset=&#8220;default&#8220; text_font_size=&#8220;14px&#8220; global_colors_info=&#8220;{}&#8220;]<\/p>\n<div class=\"default-style tmm_job\" style=\"text-align: center;\"><strong><span class=\"tmm_lname\">Aranka Lohse<\/span><\/strong><\/div>\n<div class=\"default-style tmm_job\" style=\"text-align: center;\"><span class=\"tmm_lname\">Universal<\/span><\/div>\n<p>[\/et_pb_text][et_pb_text _builder_version=&#8220;4.21.0&#8243; _module_preset=&#8220;default&#8220; text_font_size=&#8220;14px&#8220; global_colors_info=&#8220;{}&#8220;][\/et_pb_text][\/et_pb_column][et_pb_column type=&#8220;1_5&#8243; _builder_version=&#8220;4.20.2&#8243; _module_preset=&#8220;default&#8220; global_colors_info=&#8220;{}&#8220;][et_pb_image src=&#8220;https:\/\/mlnesiq3z9tx.i.optimole.com\/w:auto\/h:auto\/q:mauto\/f:best\/https:\/\/htbu-ev.de\/htvb\/wp-content\/uploads\/2023\/06\/Ina_22.jpg&#8220; title_text=&#8220;Ina_22&#8243; align=&#8220;center&#8220; _builder_version=&#8220;4.20.2&#8243; _module_preset=&#8220;default&#8220; global_colors_info=&#8220;{}&#8220;][\/et_pb_image][et_pb_text _builder_version=&#8220;4.20.2&#8243; _module_preset=&#8220;default&#8220; text_font_size=&#8220;14px&#8220; global_colors_info=&#8220;{}&#8220;]<\/p>\n<div class=\"tmm_names\" style=\"text-align: center;\"><strong><span class=\"tmm_fname\">Ina<\/span>\u00a0<span class=\"tmm_lname\">Becker<\/span><\/strong><\/div>\n<div class=\"tmm_job\" style=\"text-align: center;\">Au\u00dfen\/Annahme<\/div>\n<p>[\/et_pb_text][et_pb_image src=&#8220;https:\/\/mlnesiq3z9tx.i.optimole.com\/w:auto\/h:auto\/q:mauto\/f:best\/https:\/\/htbu-ev.de\/htvb\/wp-content\/uploads\/2023\/06\/Anja_22.jpg&#8220; title_text=&#8220;Anja_22&#8243; align=&#8220;center&#8220; _builder_version=&#8220;4.21.0&#8243; _module_preset=&#8220;default&#8220; global_colors_info=&#8220;{}&#8220;][\/et_pb_image][et_pb_text _builder_version=&#8220;4.21.0&#8243; _module_preset=&#8220;default&#8220; text_font_size=&#8220;14px&#8220; global_colors_info=&#8220;{}&#8220;]<\/p>\n<div class=\"tmm_names\" style=\"text-align: center;\">\n<div class=\"default-style tmm_job\" style=\"text-align: center;\"><strong><span class=\"tmm_fname\">Anja<\/span>\u00a0<span class=\"tmm_lname\">K\u00f6nig<\/span><\/strong><\/div>\n<div class=\"default-style tmm_job\" style=\"text-align: center;\"><span class=\"tmm_lname\">Au\u00dfen\/Annahme<\/span><\/div>\n<\/div>\n<p>[\/et_pb_text][et_pb_image src=&#8220;https:\/\/mlnesiq3z9tx.i.optimole.com\/w:auto\/h:auto\/q:mauto\/f:best\/https:\/\/htbu-ev.de\/htvb\/wp-content\/uploads\/2023\/09\/Wiebke_23.jpg&#8220; title_text=&#8220;Wiebke_23&#8243; _builder_version=&#8220;4.21.0&#8243; _module_preset=&#8220;default&#8220; global_colors_info=&#8220;{}&#8220;][\/et_pb_image][et_pb_text _builder_version=&#8220;4.21.0&#8243; _module_preset=&#8220;default&#8220; text_font_size=&#8220;14px&#8220; global_colors_info=&#8220;{}&#8220;]<\/p>\n<div class=\"tmm_names\" style=\"text-align: center;\"><strong><span class=\"tmm_fname\">Wiebke B\u00f6ttcher<\/span><\/strong><\/div>\n<div class=\"tmm_job\" style=\"text-align: center;\">Zuspiel<\/div>\n<p>[\/et_pb_text][et_pb_text _builder_version=&#8220;4.21.0&#8243; _module_preset=&#8220;default&#8220; text_font_size=&#8220;14px&#8220; global_colors_info=&#8220;{}&#8220;][\/et_pb_text][\/et_pb_column][et_pb_column type=&#8220;1_5&#8243; _builder_version=&#8220;4.20.2&#8243; _module_preset=&#8220;default&#8220; global_colors_info=&#8220;{}&#8220;][et_pb_image src=&#8220;https:\/\/mlnesiq3z9tx.i.optimole.com\/w:auto\/h:auto\/q:mauto\/f:best\/https:\/\/htbu-ev.de\/htvb\/wp-content\/uploads\/2023\/06\/simone_23.jpg&#8220; title_text=&#8220;simone_23&#8243; align=&#8220;center&#8220; _builder_version=&#8220;4.20.2&#8243; _module_preset=&#8220;default&#8220; global_colors_info=&#8220;{}&#8220;][\/et_pb_image][et_pb_text _builder_version=&#8220;4.20.2&#8243; _module_preset=&#8220;default&#8220; text_font_size=&#8220;14px&#8220; global_colors_info=&#8220;{}&#8220;]<\/p>\n<div class=\"tmm_names\" style=\"text-align: center;\"><strong><span class=\"tmm_fname\">Simone<\/span>\u00a0<span class=\"tmm_lname\">Benna<\/span><\/strong><\/div>\n<div class=\"tmm_job\" style=\"text-align: center;\">Au\u00dfen\/Annahme<\/div>\n<p>[\/et_pb_text][et_pb_image src=&#8220;https:\/\/mlnesiq3z9tx.i.optimole.com\/w:auto\/h:auto\/q:mauto\/f:best\/https:\/\/htbu-ev.de\/htvb\/wp-content\/uploads\/2023\/06\/Nadine_22.jpg&#8220; title_text=&#8220;Nadine_22&#8243; align=&#8220;center&#8220; _builder_version=&#8220;4.21.0&#8243; _module_preset=&#8220;default&#8220; global_colors_info=&#8220;{}&#8220;][\/et_pb_image][et_pb_text _builder_version=&#8220;4.21.0&#8243; _module_preset=&#8220;default&#8220; text_font_size=&#8220;14px&#8220; global_colors_info=&#8220;{}&#8220;]<\/p>\n<div class=\"default-style tmm_job\" style=\"text-align: center;\"><strong><span class=\"tmm_lname\"><span class=\"tmm_fname\">Nadine<\/span>\u00a0Steinbrink<\/span><\/strong><\/div>\n<div class=\"default-style tmm_job\" style=\"text-align: center;\"><span class=\"tmm_lname\">Mittelblock<\/span><\/div>\n<p>[\/et_pb_text][et_pb_image src=&#8220;https:\/\/mlnesiq3z9tx.i.optimole.com\/w:auto\/h:auto\/q:mauto\/f:best\/https:\/\/htbu-ev.de\/htvb\/wp-content\/uploads\/2023\/09\/Stephanie_23.jpeg&#8220; title_text=&#8220;Stephanie_23&#8243; _builder_version=&#8220;4.21.0&#8243; _module_preset=&#8220;default&#8220; global_colors_info=&#8220;{}&#8220;][\/et_pb_image][et_pb_text _builder_version=&#8220;4.21.0&#8243; _module_preset=&#8220;default&#8220; text_font_size=&#8220;14px&#8220; global_colors_info=&#8220;{}&#8220;]<\/p>\n<div class=\"default-style tmm_job\" style=\"text-align: center;\">\n<div class=\"default-style tmm_job\">\n<div class=\"default-style tmm_job\" style=\"text-align: center;\">\n<div class=\"default-style tmm_job\" style=\"text-align: center;\"><strong>Stephanie Schwesinger<\/strong><\/div>\n<div class=\"default-style tmm_job\" style=\"text-align: center;\"><span class=\"tmm_lname\">Zuspiel<\/span><\/div>\n<\/div>\n<\/div>\n<\/div>\n<p>[\/et_pb_text][et_pb_text _builder_version=&#8220;4.20.2&#8243; _module_preset=&#8220;default&#8220; text_font_size=&#8220;14px&#8220; global_colors_info=&#8220;{}&#8220;][\/et_pb_text][\/et_pb_column][\/et_pb_row][\/et_pb_section]<\/p>\n","protected":false},"excerpt":{"rendered":"<p>1. DAMENAnsprechpartner + Trainer : Sportb\u00fcro (htbusport(at)htbu-ev.de) &nbsp; Hallenzeiten : Klinikweg Mo. 20.00 \u2013 22.00 Uhr Klinikweg Mi. 20.00 &#8211; 22.00 Uhr Update: Aufstieg in die Verbandsliga hat geklappt! Wir sind die 1. Damenmannschaft beim HTBU und eine motivierte Mannschaft, die sich als Ziel gesetzt hat in der n\u00e4chsten Saison wieder in die Verbandsliga aufzusteigen. [&hellip;]<\/p>\n","protected":false},"author":2,"featured_media":0,"parent":0,"menu_order":0,"comment_status":"closed","ping_status":"closed","template":"","meta":{"_et_pb_use_builder":"on","_et_pb_old_content":"","_et_gb_content_width":"","footnotes":""},"class_list":["post-1765","page","type-page","status-publish","hentry"],"_links":{"self":[{"href":"https:\/\/htbu-ev.de\/htvb\/wp-json\/wp\/v2\/pages\/1765","targetHints":{"allow":["GET"]}}],"collection":[{"href":"https:\/\/htbu-ev.de\/htvb\/wp-json\/wp\/v2\/pages"}],"about":[{"href":"https:\/\/htbu-ev.de\/htvb\/wp-json\/wp\/v2\/types\/page"}],"author":[{"embeddable":true,"href":"https:\/\/htbu-ev.de\/htvb\/wp-json\/wp\/v2\/users\/2"}],"replies":[{"embeddable":true,"href":"https:\/\/htbu-ev.de\/htvb\/wp-json\/wp\/v2\/comments?post=1765"}],"version-history":[{"count":6,"href":"https:\/\/htbu-ev.de\/htvb\/wp-json\/wp\/v2\/pages\/1765\/revisions"}],"predecessor-version":[{"id":3349,"href":"https:\/\/htbu-ev.de\/htvb\/wp-json\/wp\/v2\/pages\/1765\/revisions\/3349"}],"wp:attachment":[{"href":"https:\/\/htbu-ev.de\/htvb\/wp-json\/wp\/v2\/media?parent=1765"}],"curies":[{"name":"wp","href":"https:\/\/api.w.org\/{rel}","templated":true}]}}